{"id":436,"date":"2021-03-19T09:22:15","date_gmt":"2021-03-19T13:22:15","guid":{"rendered":"https:\/\/syristainless.gxinteractive.com\/?page_id=436"},"modified":"2024-01-15T15:20:33","modified_gmt":"2024-01-15T19:20:33","slug":"mission","status":"publish","type":"page","link":"https:\/\/staging.syri-stainless.com\/fr\/mission\/","title":{"rendered":"Mission"},"content":{"rendered":"\t\t<div data-elementor-type=\"wp-page\" data-elementor-id=\"436\" class=\"elementor elementor-436\" data-elementor-post-type=\"page\">\n\t\t\t\t\t\t<section class=\"elementor-section elementor-top-section elementor-element elementor-element-3fd2385 elementor-section-content-bottom elementor-section-boxed elementor-section-height-default elementor-section-height-default\" data-id=\"3fd2385\" data-element_type=\"section\" data-e-type=\"section\" data-settings=\"{&quot;background_background&quot;:&quot;classic&quot;}\">\n\t\t\t\t\t\t<div class=\"elementor-container elementor-column-gap-no\">\n\t\t\t\t\t<div class=\"elementor-column elementor-col-100 elementor-top-column elementor-element elementor-element-b96e0d2\" data-id=\"b96e0d2\" data-element_type=\"column\" data-e-type=\"column\">\n\t\t\t<div class=\"elementor-widget-wrap elementor-element-populated\">\n\t\t\t\t\t\t<section class=\"elementor-section elementor-inner-section elementor-element elementor-element-79c343f elementor-section-full_width elementor-section-height-default elementor-section-height-default\" data-id=\"79c343f\" data-element_type=\"section\" data-e-type=\"section\">\n\t\t\t\t\t\t<div class=\"elementor-container elementor-column-gap-no\">\n\t\t\t\t\t<div class=\"elementor-column elementor-col-50 elementor-inner-column elementor-element elementor-element-4e3c4b1\" data-id=\"4e3c4b1\" data-element_type=\"column\" data-e-type=\"column\">\n\t\t\t<div class=\"elementor-widget-wrap\">\n\t\t\t\t\t\t\t<\/div>\n\t\t<\/div>\n\t\t\t\t<div class=\"elementor-column elementor-col-50 elementor-inner-column elementor-element elementor-element-c77a89e\" data-id=\"c77a89e\" data-element_type=\"column\" data-e-type=\"column\">\n\t\t\t<div class=\"elementor-widget-wrap elementor-element-populated\">\n\t\t\t\t\t\t<div class=\"elementor-element elementor-element-4166b39 elementor-hidden-phone elementor-widget elementor-widget-image\" data-id=\"4166b39\" data-element_type=\"widget\" data-e-type=\"widget\" data-widget_type=\"image.default\">\n\t\t\t\t<div class=\"elementor-widget-container\">\n\t\t\t\t\t\t\t\t\t\t\t\t\t\t\t<img fetchpriority=\"high\" decoding=\"async\" width=\"300\" height=\"225\" src=\"https:\/\/staging.syri-stainless.com\/wp-content\/uploads\/2021\/03\/SYRI_Logo_Gris-pale-sh-300x225.png\" class=\"attachment-medium size-medium wp-image-796\" alt=\"\" srcset=\"https:\/\/staging.syri-stainless.com\/wp-content\/uploads\/2021\/03\/SYRI_Logo_Gris-pale-sh-300x225.png 300w, https:\/\/staging.syri-stainless.com\/wp-content\/uploads\/2021\/03\/SYRI_Logo_Gris-pale-sh.png 400w\" sizes=\"(max-width: 300px) 100vw, 300px\" \/>\t\t\t\t\t\t\t\t\t\t\t\t\t\t\t<\/div>\n\t\t\t\t<\/div>\n\t\t\t\t\t<\/div>\n\t\t<\/div>\n\t\t\t\t\t<\/div>\n\t\t<\/section>\n\t\t\t\t<section class=\"elementor-section elementor-inner-section elementor-element elementor-element-f0a6caf elementor-section-full_width elementor-section-height-default elementor-section-height-default\" data-id=\"f0a6caf\" data-element_type=\"section\" data-e-type=\"section\">\n\t\t\t\t\t\t<div class=\"elementor-container elementor-column-gap-no\">\n\t\t\t\t\t<div class=\"elementor-column elementor-col-50 elementor-inner-column elementor-element elementor-element-39e09a2\" data-id=\"39e09a2\" data-element_type=\"column\" data-e-type=\"column\">\n\t\t\t<div class=\"elementor-widget-wrap\">\n\t\t\t\t\t\t\t<\/div>\n\t\t<\/div>\n\t\t\t\t<div class=\"elementor-column elementor-col-50 elementor-inner-column elementor-element elementor-element-3d5f437\" data-id=\"3d5f437\" data-element_type=\"column\" data-e-type=\"column\">\n\t\t\t<div class=\"elementor-widget-wrap elementor-element-populated\">\n\t\t\t\t\t\t<div class=\"elementor-element elementor-element-fede960 elementor-hidden-phone elementor-widget elementor-widget-text-editor\" data-id=\"fede960\" data-element_type=\"widget\" data-e-type=\"widget\" data-widget_type=\"text-editor.default\">\n\t\t\t\t<div class=\"elementor-widget-container\">\n\t\t\t\t\t\t\t\t\t<h2>Partenaire<br \/>Id\u00e9al pour <br \/>vos projet<\/h2>\t\t\t\t\t\t\t\t<\/div>\n\t\t\t\t<\/div>\n\t\t\t\t\t<\/div>\n\t\t<\/div>\n\t\t\t\t\t<\/div>\n\t\t<\/section>\n\t\t\t\t<section class=\"elementor-section elementor-inner-section elementor-element elementor-element-65555bc elementor-section-content-bottom elementor-section-boxed elementor-section-height-default elementor-section-height-default\" data-id=\"65555bc\" data-element_type=\"section\" data-e-type=\"section\">\n\t\t\t\t\t\t<div class=\"elementor-container elementor-column-gap-no\">\n\t\t\t\t\t<div class=\"elementor-column elementor-col-100 elementor-inner-column elementor-element elementor-element-d78993e\" data-id=\"d78993e\" data-element_type=\"column\" data-e-type=\"column\">\n\t\t\t<div class=\"elementor-widget-wrap elementor-element-populated\">\n\t\t\t\t\t\t<div class=\"elementor-element elementor-element-f45d768 elementor-icon-list--layout-inline elementor-align-start elementor-list-item-link-full_width elementor-widget elementor-widget-icon-list\" data-id=\"f45d768\" data-element_type=\"widget\" data-e-type=\"widget\" data-widget_type=\"icon-list.default\">\n\t\t\t\t<div class=\"elementor-widget-container\">\n\t\t\t\t\t\t\t<ul class=\"elementor-icon-list-items elementor-inline-items\">\n\t\t\t\t\t\t\t<li class=\"elementor-icon-list-item elementor-inline-item\">\n\t\t\t\t\t\t\t\t\t\t<span class=\"elementor-icon-list-text\">NOTRE  <span class=\"orange\">ENTREPRISE<\/span><\/span>\n\t\t\t\t\t\t\t\t\t<\/li>\n\t\t\t\t\t\t<\/ul>\n\t\t\t\t\t\t<\/div>\n\t\t\t\t<\/div>\n\t\t\t\t\t<\/div>\n\t\t<\/div>\n\t\t\t\t\t<\/div>\n\t\t<\/section>\n\t\t\t\t\t<\/div>\n\t\t<\/div>\n\t\t\t\t\t<\/div>\n\t\t<\/section>\n\t\t\t\t<section class=\"elementor-section elementor-top-section elementor-element elementor-element-b4f705a elementor-section-boxed elementor-section-height-default elementor-section-height-default\" data-id=\"b4f705a\" data-element_type=\"section\" data-e-type=\"section\" data-settings=\"{&quot;background_background&quot;:&quot;classic&quot;}\">\n\t\t\t\t\t\t<div class=\"elementor-container elementor-column-gap-default\">\n\t\t\t\t\t<div class=\"elementor-column elementor-col-50 elementor-top-column elementor-element elementor-element-59c3e0f\" data-id=\"59c3e0f\" data-element_type=\"column\" data-e-type=\"column\">\n\t\t\t<div class=\"elementor-widget-wrap elementor-element-populated\">\n\t\t\t\t\t\t<div class=\"elementor-element elementor-element-f9ca6c2 elementor-widget elementor-widget-heading\" data-id=\"f9ca6c2\" data-element_type=\"widget\" data-e-type=\"widget\" data-widget_type=\"heading.default\">\n\t\t\t\t<div class=\"elementor-widget-container\">\n\t\t\t\t\t<h2 class=\"elementor-heading-title elementor-size-default\"><span class=\"line1\">Chef de file <\/span>\n<span class=\"line2\">de l\u2019acier <\/span>\n<span class=\"line3\">inoxydable<span class=\"orange\">!<\/span><\/span><\/h2>\t\t\t\t<\/div>\n\t\t\t\t<\/div>\n\t\t\t\t\t<\/div>\n\t\t<\/div>\n\t\t\t\t<div class=\"elementor-column elementor-col-50 elementor-top-column elementor-element elementor-element-017f200\" data-id=\"017f200\" data-element_type=\"column\" data-e-type=\"column\">\n\t\t\t<div class=\"elementor-widget-wrap elementor-element-populated\">\n\t\t\t\t\t\t<div class=\"elementor-element elementor-element-971b1e4 elementor-widget elementor-widget-text-editor\" data-id=\"971b1e4\" data-element_type=\"widget\" data-e-type=\"widget\" data-widget_type=\"text-editor.default\">\n\t\t\t\t<div class=\"elementor-widget-container\">\n\t\t\t\t\t\t\t\t\t<p>Tr\u00e8s bien positionn\u00e9 sur le march\u00e9 international, notre entreprise a d\u00e9velopp\u00e9 une expertise dans la r\u00e9alisation de projet en acier inoxydable.\u00a0<\/p><p>Syri s\u2019est d\u2019abord taill\u00e9 une r\u00e9putation enviable dans le secteur de la transformation alimentaire. Les domaines de la construction, brassicole et m\u00e9dical se sont ensuite ajout\u00e9s \u00e0 l\u2019entreprise.\u00a0<\/p><p>Visionnaire, l\u2019\u00e9quipe de Syri continue de d\u00e9velopper d\u2019autres secteurs d\u2019activit\u00e9 afin de satisfaire les besoins et exigences de sa client\u00e8le grandissante.<\/p>\t\t\t\t\t\t\t\t<\/div>\n\t\t\t\t<\/div>\n\t\t\t\t\t<\/div>\n\t\t<\/div>\n\t\t\t\t\t<\/div>\n\t\t<\/section>\n\t\t\t\t<section class=\"elementor-section elementor-top-section elementor-element elementor-element-ade310c elementor-section-full_width elementor-section-content-middle elementor-section-height-default elementor-section-height-default\" data-id=\"ade310c\" data-element_type=\"section\" data-e-type=\"section\" data-settings=\"{&quot;background_background&quot;:&quot;gradient&quot;}\">\n\t\t\t\t\t\t<div class=\"elementor-container elementor-column-gap-no\">\n\t\t\t\t\t<div class=\"elementor-column elementor-col-100 elementor-top-column elementor-element elementor-element-81047c0\" data-id=\"81047c0\" data-element_type=\"column\" data-e-type=\"column\">\n\t\t\t<div class=\"elementor-widget-wrap elementor-element-populated\">\n\t\t\t\t\t\t<section class=\"elementor-section elementor-inner-section elementor-element elementor-element-b080c2d elementor-section-boxed elementor-section-height-default elementor-section-height-default\" data-id=\"b080c2d\" data-element_type=\"section\" data-e-type=\"section\">\n\t\t\t\t\t\t<div class=\"elementor-container elementor-column-gap-default\">\n\t\t\t\t\t<div class=\"elementor-column elementor-col-100 elementor-inner-column elementor-element elementor-element-c4a5455\" data-id=\"c4a5455\" data-element_type=\"column\" data-e-type=\"column\">\n\t\t\t<div class=\"elementor-widget-wrap elementor-element-populated\">\n\t\t\t\t\t\t<div class=\"elementor-element elementor-element-da5d199 elementor-widget elementor-widget-heading\" data-id=\"da5d199\" data-element_type=\"widget\" data-e-type=\"widget\" data-widget_type=\"heading.default\">\n\t\t\t\t<div class=\"elementor-widget-container\">\n\t\t\t\t\t<h1 class=\"elementor-heading-title elementor-size-default\">NOTRE MISSION<\/h1>\t\t\t\t<\/div>\n\t\t\t\t<\/div>\n\t\t\t\t\t<\/div>\n\t\t<\/div>\n\t\t\t\t\t<\/div>\n\t\t<\/section>\n\t\t\t\t\t<\/div>\n\t\t<\/div>\n\t\t\t\t\t<\/div>\n\t\t<\/section>\n\t\t\t\t<section class=\"elementor-section elementor-top-section elementor-element elementor-element-a840e4f elementor-section-boxed elementor-section-height-default elementor-section-height-default\" data-id=\"a840e4f\" data-element_type=\"section\" data-e-type=\"section\" data-settings=\"{&quot;background_background&quot;:&quot;classic&quot;}\">\n\t\t\t\t\t\t<div class=\"elementor-container elementor-column-gap-no\">\n\t\t\t\t\t<div class=\"elementor-column elementor-col-100 elementor-top-column elementor-element elementor-element-ea5d89a\" data-id=\"ea5d89a\" data-element_type=\"column\" data-e-type=\"column\">\n\t\t\t<div class=\"elementor-widget-wrap elementor-element-populated\">\n\t\t\t\t\t\t<div class=\"elementor-element elementor-element-ce5650b elementor-widget elementor-widget-text-editor\" data-id=\"ce5650b\" data-element_type=\"widget\" data-e-type=\"widget\" data-widget_type=\"text-editor.default\">\n\t\t\t\t<div class=\"elementor-widget-container\">\n\t\t\t\t\t\t\t\t\t<p>Concevoir et fabriquer des produits novateurs de tr\u00e8s grande qualit\u00e9 qui seront distribu\u00e9s sur les march\u00e9s mondiaux. Nous portons une attention particuli\u00e8re aux crit\u00e8res et aux exigences de nos clients. Le bien-\u00eatre de nos employ\u00e9s arrive aussi en t\u00eate de nos priorit\u00e9s. Apr\u00e8s tout, notre personnel qualifi\u00e9 est au centre de notre r\u00e9ussite!<\/p>\t\t\t\t\t\t\t\t<\/div>\n\t\t\t\t<\/div>\n\t\t\t\t\t<\/div>\n\t\t<\/div>\n\t\t\t\t\t<\/div>\n\t\t<\/section>\n\t\t\t\t<section class=\"elementor-section elementor-top-section elementor-element elementor-element-e77dc7a elementor-section-full_width elementor-section-content-middle elementor-section-height-default elementor-section-height-default\" data-id=\"e77dc7a\" data-element_type=\"section\" data-e-type=\"section\" data-settings=\"{&quot;background_background&quot;:&quot;gradient&quot;}\">\n\t\t\t\t\t\t<div class=\"elementor-container elementor-column-gap-no\">\n\t\t\t\t\t<div class=\"elementor-column elementor-col-100 elementor-top-column elementor-element elementor-element-d2ce064\" data-id=\"d2ce064\" data-element_type=\"column\" data-e-type=\"column\">\n\t\t\t<div class=\"elementor-widget-wrap elementor-element-populated\">\n\t\t\t\t\t\t<section class=\"elementor-section elementor-inner-section elementor-element elementor-element-c9fc8bf elementor-section-boxed elementor-section-height-default elementor-section-height-default\" data-id=\"c9fc8bf\" data-element_type=\"section\" data-e-type=\"section\">\n\t\t\t\t\t\t<div class=\"elementor-container elementor-column-gap-default\">\n\t\t\t\t\t<div class=\"elementor-column elementor-col-100 elementor-inner-column elementor-element elementor-element-cf8f2da\" data-id=\"cf8f2da\" data-element_type=\"column\" data-e-type=\"column\">\n\t\t\t<div class=\"elementor-widget-wrap elementor-element-populated\">\n\t\t\t\t\t\t<div class=\"elementor-element elementor-element-adf1ab5 elementor-widget elementor-widget-heading\" data-id=\"adf1ab5\" data-element_type=\"widget\" data-e-type=\"widget\" data-widget_type=\"heading.default\">\n\t\t\t\t<div class=\"elementor-widget-container\">\n\t\t\t\t\t<h2 class=\"elementor-heading-title elementor-size-default\">NOS VALEURS<\/h2>\t\t\t\t<\/div>\n\t\t\t\t<\/div>\n\t\t\t\t\t<\/div>\n\t\t<\/div>\n\t\t\t\t\t<\/div>\n\t\t<\/section>\n\t\t\t\t\t<\/div>\n\t\t<\/div>\n\t\t\t\t\t<\/div>\n\t\t<\/section>\n\t\t\t\t<section class=\"elementor-section elementor-top-section elementor-element elementor-element-9c27261 elementor-section-boxed elementor-section-height-default elementor-section-height-default\" data-id=\"9c27261\" data-element_type=\"section\" data-e-type=\"section\" data-settings=\"{&quot;background_background&quot;:&quot;classic&quot;}\">\n\t\t\t\t\t\t<div class=\"elementor-container elementor-column-gap-no\">\n\t\t\t\t\t<div class=\"elementor-column elementor-col-100 elementor-top-column elementor-element elementor-element-1920cd1\" data-id=\"1920cd1\" data-element_type=\"column\" data-e-type=\"column\">\n\t\t\t<div class=\"elementor-widget-wrap elementor-element-populated\">\n\t\t\t\t\t\t<div class=\"elementor-element elementor-element-89196e1 elementor-widget elementor-widget-text-editor\" data-id=\"89196e1\" data-element_type=\"widget\" data-e-type=\"widget\" data-widget_type=\"text-editor.default\">\n\t\t\t\t<div class=\"elementor-widget-container\">\n\t\t\t\t\t\t\t\t\t<p>la qualit\u00e9 du produit<\/p><p>le respect du client<\/p><p>notre flexibilit\u00e9<\/p><p>notre disponibilit\u00e9<\/p>\t\t\t\t\t\t\t\t<\/div>\n\t\t\t\t<\/div>\n\t\t\t\t\t<\/div>\n\t\t<\/div>\n\t\t\t\t\t<\/div>\n\t\t<\/section>\n\t\t\t\t<section class=\"elementor-section elementor-top-section elementor-element elementor-element-7f9e752 elementor-section-full_width elementor-section-content-middle elementor-section-height-default elementor-section-height-default\" data-id=\"7f9e752\" data-element_type=\"section\" data-e-type=\"section\" data-settings=\"{&quot;background_background&quot;:&quot;gradient&quot;}\">\n\t\t\t\t\t\t<div class=\"elementor-container elementor-column-gap-no\">\n\t\t\t\t\t<div class=\"elementor-column elementor-col-100 elementor-top-column elementor-element elementor-element-c17e946\" data-id=\"c17e946\" data-element_type=\"column\" data-e-type=\"column\">\n\t\t\t<div class=\"elementor-widget-wrap elementor-element-populated\">\n\t\t\t\t\t\t<section class=\"elementor-section elementor-inner-section elementor-element elementor-element-27fcdd4 elementor-section-boxed elementor-section-height-default elementor-section-height-default\" data-id=\"27fcdd4\" data-element_type=\"section\" data-e-type=\"section\">\n\t\t\t\t\t\t<div class=\"elementor-container elementor-column-gap-default\">\n\t\t\t\t\t<div class=\"elementor-column elementor-col-100 elementor-inner-column elementor-element elementor-element-1e85bb2\" data-id=\"1e85bb2\" data-element_type=\"column\" data-e-type=\"column\">\n\t\t\t<div class=\"elementor-widget-wrap elementor-element-populated\">\n\t\t\t\t\t\t<div class=\"elementor-element elementor-element-938e9a2 elementor-widget elementor-widget-heading\" data-id=\"938e9a2\" data-element_type=\"widget\" data-e-type=\"widget\" data-widget_type=\"heading.default\">\n\t\t\t\t<div class=\"elementor-widget-container\">\n\t\t\t\t\t<h3 class=\"elementor-heading-title elementor-size-default\">NOTRE ENGAGEMENT<\/h3>\t\t\t\t<\/div>\n\t\t\t\t<\/div>\n\t\t\t\t\t<\/div>\n\t\t<\/div>\n\t\t\t\t\t<\/div>\n\t\t<\/section>\n\t\t\t\t\t<\/div>\n\t\t<\/div>\n\t\t\t\t\t<\/div>\n\t\t<\/section>\n\t\t\t\t<section class=\"elementor-section elementor-top-section elementor-element elementor-element-b45c4a5 elementor-section-boxed elementor-section-height-default elementor-section-height-default\" data-id=\"b45c4a5\" data-element_type=\"section\" data-e-type=\"section\" data-settings=\"{&quot;background_background&quot;:&quot;classic&quot;}\">\n\t\t\t\t\t\t<div class=\"elementor-container elementor-column-gap-no\">\n\t\t\t\t\t<div class=\"elementor-column elementor-col-100 elementor-top-column elementor-element elementor-element-aefc9c1\" data-id=\"aefc9c1\" data-element_type=\"column\" data-e-type=\"column\">\n\t\t\t<div class=\"elementor-widget-wrap elementor-element-populated\">\n\t\t\t\t\t\t<div class=\"elementor-element elementor-element-8293a93 elementor-widget elementor-widget-text-editor\" data-id=\"8293a93\" data-element_type=\"widget\" data-e-type=\"widget\" data-widget_type=\"text-editor.default\">\n\t\t\t\t<div class=\"elementor-widget-container\">\n\t\t\t\t\t\t\t\t\tR\u00e9aliser votre projet \u00e0 l\u2019int\u00e9rieur des d\u00e9lais et des budgets allou\u00e9s. Ma\u00eetriser la mati\u00e8re afin de concevoir, fabriquer et livrer un produit qui r\u00e9pond \u00e0 de hauts standards de qualit\u00e9. Et bien s\u00fbr, vous donner enti\u00e8re satisfaction.\t\t\t\t\t\t\t\t<\/div>\n\t\t\t\t<\/div>\n\t\t\t\t\t<\/div>\n\t\t<\/div>\n\t\t\t\t\t<\/div>\n\t\t<\/section>\n\t\t\t\t<\/div>\n\t\t","protected":false},"excerpt":{"rendered":"<p>PartenaireId\u00e9al pour vos projet NOTRE ENTREPRISE Chef de file de l\u2019acier inoxydable! Tr\u00e8s bien positionn\u00e9 sur le march\u00e9 international, notre entreprise a d\u00e9velopp\u00e9 une expertise dans la r\u00e9alisation de projet en acier inoxydable.\u00a0 Syri s\u2019est d\u2019abord taill\u00e9 une r\u00e9putation enviable dans le secteur de la transformation alimentaire. Les domaines de la construction, brassicole et m\u00e9dical [&hellip;]<\/p>\n","protected":false},"author":13,"featured_media":0,"parent":0,"menu_order":0,"comment_status":"closed","ping_status":"closed","template":"","meta":{"_acf_changed":false,"footnotes":""},"class_list":["post-436","page","type-page","status-publish","hentry"],"acf":[],"yoast_head":"<!-- This site is optimized with the Yoast SEO plugin v27.3 - https:\/\/yoast.com\/product\/yoast-seo-wordpress\/ -->\n<title>Mission - Syri Stainless<\/title>\n<meta name=\"robots\" content=\"index, follow, max-snippet:-1, max-image-preview:large, max-video-preview:-1\" \/>\n<link rel=\"canonical\" href=\"https:\/\/staging.syri-stainless.com\/fr\/mission\/\" \/>\n<meta property=\"og:locale\" content=\"fr_FR\" \/>\n<meta property=\"og:type\" content=\"article\" \/>\n<meta property=\"og:title\" content=\"Mission - Syri Stainless\" \/>\n<meta property=\"og:description\" content=\"PartenaireId\u00e9al pour vos projet NOTRE ENTREPRISE Chef de file de l\u2019acier inoxydable! Tr\u00e8s bien positionn\u00e9 sur le march\u00e9 international, notre entreprise a d\u00e9velopp\u00e9 une expertise dans la r\u00e9alisation de projet en acier inoxydable.\u00a0 Syri s\u2019est d\u2019abord taill\u00e9 une r\u00e9putation enviable dans le secteur de la transformation alimentaire. Les domaines de la construction, brassicole et m\u00e9dical [&hellip;]\" \/>\n<meta property=\"og:url\" content=\"https:\/\/staging.syri-stainless.com\/fr\/mission\/\" \/>\n<meta property=\"og:site_name\" content=\"Syri Stainless\" \/>\n<meta property=\"article:modified_time\" content=\"2024-01-15T19:20:33+00:00\" \/>\n<meta property=\"og:image\" content=\"https:\/\/www.syri-stainless.com\/wp-content\/uploads\/2021\/03\/SYRI_Logo_Gris-pale-sh-300x225.png\" \/>\n<meta name=\"twitter:card\" content=\"summary_large_image\" \/>\n<meta name=\"twitter:label1\" content=\"Dur\u00e9e de lecture estim\u00e9e\" \/>\n\t<meta name=\"twitter:data1\" content=\"2 minutes\" \/>\n<script type=\"application\/ld+json\" class=\"yoast-schema-graph\">{\"@context\":\"https:\\\/\\\/schema.org\",\"@graph\":[{\"@type\":\"WebPage\",\"@id\":\"https:\\\/\\\/staging.syri-stainless.com\\\/fr\\\/mission\\\/\",\"url\":\"https:\\\/\\\/staging.syri-stainless.com\\\/fr\\\/mission\\\/\",\"name\":\"Mission - Syri Stainless\",\"isPartOf\":{\"@id\":\"https:\\\/\\\/staging.syri-stainless.com\\\/en\\\/#website\"},\"primaryImageOfPage\":{\"@id\":\"https:\\\/\\\/staging.syri-stainless.com\\\/fr\\\/mission\\\/#primaryimage\"},\"image\":{\"@id\":\"https:\\\/\\\/staging.syri-stainless.com\\\/fr\\\/mission\\\/#primaryimage\"},\"thumbnailUrl\":\"https:\\\/\\\/www.syri-stainless.com\\\/wp-content\\\/uploads\\\/2021\\\/03\\\/SYRI_Logo_Gris-pale-sh-300x225.png\",\"datePublished\":\"2021-03-19T13:22:15+00:00\",\"dateModified\":\"2024-01-15T19:20:33+00:00\",\"breadcrumb\":{\"@id\":\"https:\\\/\\\/staging.syri-stainless.com\\\/fr\\\/mission\\\/#breadcrumb\"},\"inLanguage\":\"fr-FR\",\"potentialAction\":[{\"@type\":\"ReadAction\",\"target\":[\"https:\\\/\\\/staging.syri-stainless.com\\\/fr\\\/mission\\\/\"]}]},{\"@type\":\"ImageObject\",\"inLanguage\":\"fr-FR\",\"@id\":\"https:\\\/\\\/staging.syri-stainless.com\\\/fr\\\/mission\\\/#primaryimage\",\"url\":\"https:\\\/\\\/www.syri-stainless.com\\\/wp-content\\\/uploads\\\/2021\\\/03\\\/SYRI_Logo_Gris-pale-sh-300x225.png\",\"contentUrl\":\"https:\\\/\\\/www.syri-stainless.com\\\/wp-content\\\/uploads\\\/2021\\\/03\\\/SYRI_Logo_Gris-pale-sh-300x225.png\"},{\"@type\":\"BreadcrumbList\",\"@id\":\"https:\\\/\\\/staging.syri-stainless.com\\\/fr\\\/mission\\\/#breadcrumb\",\"itemListElement\":[{\"@type\":\"ListItem\",\"position\":1,\"name\":\"Home\",\"item\":\"https:\\\/\\\/staging.syri-stainless.com\\\/fr\\\/\"},{\"@type\":\"ListItem\",\"position\":2,\"name\":\"Mission\"}]},{\"@type\":\"WebSite\",\"@id\":\"https:\\\/\\\/staging.syri-stainless.com\\\/en\\\/#website\",\"url\":\"https:\\\/\\\/staging.syri-stainless.com\\\/en\\\/\",\"name\":\"Syri Stainless\",\"description\":\"PRODUCTION SUR MESURE EN ACIER INOXYDABLE\",\"potentialAction\":[{\"@type\":\"SearchAction\",\"target\":{\"@type\":\"EntryPoint\",\"urlTemplate\":\"https:\\\/\\\/staging.syri-stainless.com\\\/en\\\/?s={search_term_string}\"},\"query-input\":{\"@type\":\"PropertyValueSpecification\",\"valueRequired\":true,\"valueName\":\"search_term_string\"}}],\"inLanguage\":\"fr-FR\"}]}<\/script>\n<!-- \/ Yoast SEO plugin. -->","yoast_head_json":{"title":"Mission - Syri Stainless","robots":{"index":"index","follow":"follow","max-snippet":"max-snippet:-1","max-image-preview":"max-image-preview:large","max-video-preview":"max-video-preview:-1"},"canonical":"https:\/\/staging.syri-stainless.com\/fr\/mission\/","og_locale":"fr_FR","og_type":"article","og_title":"Mission - Syri Stainless","og_description":"PartenaireId\u00e9al pour vos projet NOTRE ENTREPRISE Chef de file de l\u2019acier inoxydable! Tr\u00e8s bien positionn\u00e9 sur le march\u00e9 international, notre entreprise a d\u00e9velopp\u00e9 une expertise dans la r\u00e9alisation de projet en acier inoxydable.\u00a0 Syri s\u2019est d\u2019abord taill\u00e9 une r\u00e9putation enviable dans le secteur de la transformation alimentaire. Les domaines de la construction, brassicole et m\u00e9dical [&hellip;]","og_url":"https:\/\/staging.syri-stainless.com\/fr\/mission\/","og_site_name":"Syri Stainless","article_modified_time":"2024-01-15T19:20:33+00:00","og_image":[{"url":"https:\/\/www.syri-stainless.com\/wp-content\/uploads\/2021\/03\/SYRI_Logo_Gris-pale-sh-300x225.png","type":"","width":"","height":""}],"twitter_card":"summary_large_image","twitter_misc":{"Dur\u00e9e de lecture estim\u00e9e":"2 minutes"},"schema":{"@context":"https:\/\/schema.org","@graph":[{"@type":"WebPage","@id":"https:\/\/staging.syri-stainless.com\/fr\/mission\/","url":"https:\/\/staging.syri-stainless.com\/fr\/mission\/","name":"Mission - Syri Stainless","isPartOf":{"@id":"https:\/\/staging.syri-stainless.com\/en\/#website"},"primaryImageOfPage":{"@id":"https:\/\/staging.syri-stainless.com\/fr\/mission\/#primaryimage"},"image":{"@id":"https:\/\/staging.syri-stainless.com\/fr\/mission\/#primaryimage"},"thumbnailUrl":"https:\/\/www.syri-stainless.com\/wp-content\/uploads\/2021\/03\/SYRI_Logo_Gris-pale-sh-300x225.png","datePublished":"2021-03-19T13:22:15+00:00","dateModified":"2024-01-15T19:20:33+00:00","breadcrumb":{"@id":"https:\/\/staging.syri-stainless.com\/fr\/mission\/#breadcrumb"},"inLanguage":"fr-FR","potentialAction":[{"@type":"ReadAction","target":["https:\/\/staging.syri-stainless.com\/fr\/mission\/"]}]},{"@type":"ImageObject","inLanguage":"fr-FR","@id":"https:\/\/staging.syri-stainless.com\/fr\/mission\/#primaryimage","url":"https:\/\/www.syri-stainless.com\/wp-content\/uploads\/2021\/03\/SYRI_Logo_Gris-pale-sh-300x225.png","contentUrl":"https:\/\/www.syri-stainless.com\/wp-content\/uploads\/2021\/03\/SYRI_Logo_Gris-pale-sh-300x225.png"},{"@type":"BreadcrumbList","@id":"https:\/\/staging.syri-stainless.com\/fr\/mission\/#breadcrumb","itemListElement":[{"@type":"ListItem","position":1,"name":"Home","item":"https:\/\/staging.syri-stainless.com\/fr\/"},{"@type":"ListItem","position":2,"name":"Mission"}]},{"@type":"WebSite","@id":"https:\/\/staging.syri-stainless.com\/en\/#website","url":"https:\/\/staging.syri-stainless.com\/en\/","name":"Syri Stainless","description":"PRODUCTION SUR MESURE EN ACIER INOXYDABLE","potentialAction":[{"@type":"SearchAction","target":{"@type":"EntryPoint","urlTemplate":"https:\/\/staging.syri-stainless.com\/en\/?s={search_term_string}"},"query-input":{"@type":"PropertyValueSpecification","valueRequired":true,"valueName":"search_term_string"}}],"inLanguage":"fr-FR"}]}},"_links":{"self":[{"href":"https:\/\/staging.syri-stainless.com\/fr\/wp-json\/wp\/v2\/pages\/436","targetHints":{"allow":["GET"]}}],"collection":[{"href":"https:\/\/staging.syri-stainless.com\/fr\/wp-json\/wp\/v2\/pages"}],"about":[{"href":"https:\/\/staging.syri-stainless.com\/fr\/wp-json\/wp\/v2\/types\/page"}],"author":[{"embeddable":true,"href":"https:\/\/staging.syri-stainless.com\/fr\/wp-json\/wp\/v2\/users\/13"}],"replies":[{"embeddable":true,"href":"https:\/\/staging.syri-stainless.com\/fr\/wp-json\/wp\/v2\/comments?post=436"}],"version-history":[{"count":0,"href":"https:\/\/staging.syri-stainless.com\/fr\/wp-json\/wp\/v2\/pages\/436\/revisions"}],"wp:attachment":[{"href":"https:\/\/staging.syri-stainless.com\/fr\/wp-json\/wp\/v2\/media?parent=436"}],"curies":[{"name":"wp","href":"https:\/\/api.w.org\/{rel}","templated":true}]}}